{"id":1456,"date":"2019-01-31T07:56:11","date_gmt":"2019-01-31T07:56:11","guid":{"rendered":"https:\/\/kenfitt.it\/?page_id=1456"},"modified":"2022-09-19T12:04:29","modified_gmt":"2022-09-19T10:04:29","slug":"storia","status":"publish","type":"page","link":"https:\/\/kenfitt.it\/it\/storia\/","title":{"rendered":"STORIA"},"content":{"rendered":"<p>[vc_row][vc_column width=&#8221;1\/2&#8243;][vc_column_text]<\/p>\n<h3 class=\"p1\"><strong>Vent&#8217;anni di esperienza nei\u00a0<\/strong><strong>mercati\u00a0<\/strong><strong>oil&amp;gas, chimico e industriale<\/strong><\/h3>\n<p>[\/vc_column_text][vc_column_text]<\/p>\n<h5 style=\"text-align: justify;\">Fondata nel 1999 la <strong>Kenfitt s.r.l.<\/strong> opera a livello nazionale e internazionale nei settori dell\u2019industria chimica, petrolifera, farmaceutica, alimentare ed industriale.<\/h5>\n<h5 style=\"text-align: justify;\">I nostri clienti sono le principali societ\u00e0 petrolifere e chimiche, societ\u00e0 di ingegneria, societ\u00e0 di trasporti di prodotti petrolchimici, di impiantistica industriale e di servizi in genere i quali trovano nella gamma prodotti, nonch\u00e9 nella nostra competenza e professionalit\u00e0, le risposte necessarie per affrontare le problematiche e le applicazioni presso depositi, raffinerie, impianti di processo, trasporto, rifornimento avio, sempre nel massimo rispetto dei pi\u00f9 elevati standard di sicurezza per gli operatori, per l\u2019ambiente di lavoro e della massima efficienza nella produzione.<\/h5>\n<h5 style=\"text-align: justify;\"><strong>La nostra gamma di prodotti include:<\/strong><\/h5>\n<h5 style=\"padding-left: 30px; text-align: justify;\">\u2022 Tubi flessibili in diversi materiali, quali composito, gomma e inox<\/h5>\n<h5 style=\"padding-left: 30px; text-align: justify;\">\u2022 Bracci di carico industriali e marini<\/h5>\n<h5 style=\"padding-left: 30px; text-align: justify;\">\u2022 Pistole di rifornimento<\/h5>\n<h5 style=\"padding-left: 30px; text-align: justify;\">\u2022 Equipaggiamento per tank container ed autocisterne quali passi d\u2019uomo, valvole di fondo, valvole a sfera, valvole a farfalla, valvole di sicurezza e raccorderia in genere.<\/h5>\n<h5 style=\"padding-left: 30px; text-align: justify;\">\u2022\u00a0Gamma completa di accoppiatori per il rifornimento sotto\/sopra-ala e di attacchi 4\u201d API Hydrant per connessione alla linea idrante. Valvole di controllo automatiche nei diversi materiali, alluminio, acciaio, ghisa ed acciaio Inox.<\/h5>\n<h5 style=\"padding-left: 30px; text-align: justify;\">\u2022 Accoppiatori antigocciolamento Todo Matic, valvole antistrappo break away, valvole a sfera.<\/h5>\n<h5 style=\"padding-left: 30px; text-align: justify;\">\u2022\u00a0Filtri e cartucce separatori\/coalescenti, sensori per rilevare la presenza di acqua nel jet-fuel .<\/h5>\n<h5 style=\"padding-left: 30px; text-align: justify;\">\u2022\u00a0Materiali assorbenti<\/h5>\n<h5 style=\"padding-left: 30px; text-align: justify;\">\u2022\u00a0Ricambistica<\/h5>\n<h5 style=\"text-align: justify;\">I prodotti da noi trattati si collocano al pi\u00f9 alto livello per quanto riguarda la qualit\u00e0, la tecnologia e la sicurezza in tutte le possibili applicazioni per cui sono stati realizzati e certificati.<\/h5>\n<h5 style=\"text-align: justify;\">Essendoci posti come primario obiettivo la cura e la soddisfazione del cliente proponiamo regolarmente, oltre alla vendita ed all\u2019assistenza tecnica, dei seminari tecnici e di aggiornamento da tenersi presso la nostra sede, o direttamente presso il cliente, per un corretto uso e manutenzione dei materiali forniti o semplicemente per la presentazione di nuovi articoli.<\/h5>\n<p>[\/vc_column_text][vc_separator][vc_column_text]<span style=\"color: #999999;\">Kenfitt S.r.l. nel 2021 ha ottenuto agevolazioni pubbliche per la cui verifica si rimanda al Registro Nazionale degli Aiuti di Stato.<\/span>[\/vc_column_text][\/vc_column][vc_column width=&#8221;1\/2&#8243;][vc_single_image image=&#8221;1969&#8243; img_size=&#8221;full&#8221; alignment=&#8221;center&#8221; style=&#8221;vc_box_rounded&#8221; css=&#8221;.vc_custom_1659598282611{border-radius: 2px !important;}&#8221;][vc_single_image image=&#8221;2474&#8243; img_size=&#8221;full&#8221; alignment=&#8221;right&#8221; style=&#8221;vc_box_rounded&#8221;][vc_gallery type=&#8221;nivo&#8221; interval=&#8221;3&#8243; images=&#8221;1445,1444,1443,1442,1772,1771,1770&#8243; img_size=&#8221;full&#8221; onclick=&#8221;&#8221; css_animation=&#8221;fadeIn&#8221;][\/vc_column][\/vc_row]<\/p>\n","protected":false},"excerpt":{"rendered":"<p>[vc_row][vc_column width=&#8221;1\/2&#8243;][vc_column_text] Vent&#8217;anni di esperienza nei\u00a0mercati\u00a0oil&amp;gas, chimico e industriale [\/vc_column_text][vc_column_text] Fondata nel 1999 la Kenfitt s.r.l. opera a livello nazionale e&#8230;<\/p>\n","protected":false},"author":1,"featured_media":3025,"parent":0,"menu_order":0,"comment_status":"closed","ping_status":"closed","template":"","meta":[],"aioseo_notices":[],"acf":[],"_links":{"self":[{"href":"https:\/\/kenfitt.it\/it\/wp-json\/wp\/v2\/pages\/1456"}],"collection":[{"href":"https:\/\/kenfitt.it\/it\/wp-json\/wp\/v2\/pages"}],"about":[{"href":"https:\/\/kenfitt.it\/it\/wp-json\/wp\/v2\/types\/page"}],"author":[{"embeddable":true,"href":"https:\/\/kenfitt.it\/it\/wp-json\/wp\/v2\/users\/1"}],"replies":[{"embeddable":true,"href":"https:\/\/kenfitt.it\/it\/wp-json\/wp\/v2\/comments?post=1456"}],"version-history":[{"count":7,"href":"https:\/\/kenfitt.it\/it\/wp-json\/wp\/v2\/pages\/1456\/revisions"}],"predecessor-version":[{"id":3754,"href":"https:\/\/kenfitt.it\/it\/wp-json\/wp\/v2\/pages\/1456\/revisions\/3754"}],"wp:featuredmedia":[{"embeddable":true,"href":"https:\/\/kenfitt.it\/it\/wp-json\/wp\/v2\/media\/3025"}],"wp:attachment":[{"href":"https:\/\/kenfitt.it\/it\/wp-json\/wp\/v2\/media?parent=1456"}],"curies":[{"name":"wp","href":"https:\/\/api.w.org\/{rel}","templated":true}]}}